{"id":214,"date":"2024-07-09T12:50:36","date_gmt":"2024-07-09T12:50:36","guid":{"rendered":"https:\/\/restposten-neubeckum.de\/?page_id=214"},"modified":"2025-04-30T08:40:30","modified_gmt":"2025-04-30T08:40:30","slug":"home","status":"publish","type":"page","link":"https:\/\/restposten-neubeckum.de\/","title":{"rendered":"Home"},"content":{"rendered":"<h3><strong>Willkommen beim Restpostenhandel Neubeckum, Ihrem Experten f\u00fcr Restposten aller Art<br \/>\n<\/strong><\/h3>\n<p>Entdecken Sie unsere vielf\u00e4ltige Auswahl an hochwertigen Restposten, \u00dcberbest\u00e4nden und Sonderposten zu unschlagbaren Preisen. Bei uns finden Sie:<\/p>\n<ul>\n<li><strong>M\u00f6bel<\/strong>: Stilvolle und komfortable M\u00f6belst\u00fccke f\u00fcr jeden Raum in Ihrem Zuhause.<\/li>\n<li><strong>Werkzeuge<\/strong>: Hochwertige Werkzeuge f\u00fcr Heimwerker und Profis.<\/li>\n<li><strong>Gartenm\u00f6bel und Ger\u00e4te<\/strong>: Alles f\u00fcr Ihren Au\u00dfenbereich \u2013 von bequemen Gartenm\u00f6beln bis zu praktischen Gartenger\u00e4ten.<\/li>\n<li><strong>Grills<\/strong>: Moderne und leistungsstarke Grills f\u00fcr perfekte BBQ-Erlebnisse.<\/li>\n<li><strong>Deko<\/strong>: Wundersch\u00f6ne Dekorationsartikel, um Ihr Zuhause individuell zu gestalten.<\/li>\n<li><strong>Leuchtmittel und Beleuchtung<\/strong>: Effiziente und dekorative Beleuchtungsl\u00f6sungen f\u00fcr drinnen und drau\u00dfen.<\/li>\n<li><strong>und noch vieles mehr!<\/strong><\/li>\n<\/ul>\n<h5><strong>Nur in Neubeckum an der Hauptstra\u00dfe 40!<\/strong><\/h5>\n<p>Werfen Sie jetzt einen Blick in unser st\u00e4ndig wachsendes und wechselndes Sortiment in unserem Kleinanzeigen <a href=\"https:\/\/www.kleinanzeigen.de\/pro\/restposten-neubeckum\" target=\"_blank\" rel=\"noopener\">Shop<\/a> !<\/p>\n<p>&nbsp;<\/p>\n\t\t<div class=\"wppsac-wrap wppsac-slick-carousel-wrp wppsac-clearfix \" data-conf=\"{&quot;slides_to_show&quot;:3,&quot;slides_to_scroll&quot;:1,&quot;dots&quot;:&quot;false&quot;,&quot;arrows&quot;:&quot;true&quot;,&quot;autoplay&quot;:&quot;true&quot;,&quot;autoplay_interval&quot;:3000,&quot;speed&quot;:500,&quot;rtl&quot;:&quot;false&quot;,&quot;lazyload&quot;:&quot;&quot;}\">\r\n\t\t\t<div id=\"wppsac-post-carousel-1\" class=\"wppsac-post-slider-init wppsac-post-carousel design-1\">\r\n\t\t\t\t<div class=\"wppsac-carousel-slides\">\r\n\t\t<div class=\"wppsac-post-image-bg\">\r\n\t\t<a href=\"https:\/\/restposten-neubeckum.de\/?p=484\">\r\n\t\t\t<img decoding=\"async\" class=\"wppsac-post-image\"  src=\"https:\/\/restposten-neubeckum.de\/wp-content\/uploads\/2025\/02\/20250224_093350-300x225.jpg\" alt=\"XORA Garderobenbank YAMAEL, NEU B-WARE\" \/>\r\n\t\t<\/a>\r\n\t<\/div>\r\n\t\r\n\t<div class=\"wppsac-post-content-position\">\r\n\t\t\t\t<div class=\"wppsac-post-categories\"><ul class=\"wppsac-post-categories-list\"><li><a href=\"https:\/\/restposten-neubeckum.de\/?cat=11\">M\u00f6bel<\/a><\/li><\/ul><\/div>\r\n\t\t\r\n\t\t<h2 class=\"wppsac-post-title\">\r\n\t\t\t<a href=\"https:\/\/restposten-neubeckum.de\/?p=484\">XORA Garderobenbank YAMAEL, NEU B-WARE<\/a>\r\n\t\t<\/h2>\r\n\r\n\t\t\t\t<div class=\"wppsac-post-date\">\r\n\t\t\tFebruar 28, 2025\t\t<\/div>\r\n\t\t\t\t<div class=\"wppsac-post-content\">\r\n\t\t\t<div class=\"wppsac-sub-content\">99,- Zum Verkauf steht hier die XORA Garderobenbank YAMAEL. Die...<\/div>\r\n\r\n\t\t\t\t\t<\/div>\r\n\t\t\t<\/div>\r\n<\/div><div class=\"wppsac-carousel-slides\">\r\n\t\t<div class=\"wppsac-post-image-bg\">\r\n\t\t<a href=\"https:\/\/restposten-neubeckum.de\/?p=456\">\r\n\t\t\t<img decoding=\"async\" class=\"wppsac-post-image\"  src=\"https:\/\/restposten-neubeckum.de\/wp-content\/uploads\/2025\/02\/20210430_132319-300x225.jpg\" alt=\"Rattan Set Grey Cliff, 3 Tlg., NEU B-WARE\" \/>\r\n\t\t<\/a>\r\n\t<\/div>\r\n\t\r\n\t<div class=\"wppsac-post-content-position\">\r\n\t\t\t\t<div class=\"wppsac-post-categories\"><ul class=\"wppsac-post-categories-list\"><li><a href=\"https:\/\/restposten-neubeckum.de\/?cat=10\">Garten M\u00f6bel<\/a><\/li><\/ul><\/div>\r\n\t\t\r\n\t\t<h2 class=\"wppsac-post-title\">\r\n\t\t\t<a href=\"https:\/\/restposten-neubeckum.de\/?p=456\">Rattan Set Grey Cliff, 3 Tlg., NEU B-WARE<\/a>\r\n\t\t<\/h2>\r\n\r\n\t\t\t\t<div class=\"wppsac-post-date\">\r\n\t\t\tFebruar 28, 2025\t\t<\/div>\r\n\t\t\t\t<div class=\"wppsac-post-content\">\r\n\t\t\t<div class=\"wppsac-sub-content\">199,- Zum Verkauf steht hier das kleine Rattan Set Grey...<\/div>\r\n\r\n\t\t\t\t\t<\/div>\r\n\t\t\t<\/div>\r\n<\/div><div class=\"wppsac-carousel-slides\">\r\n\t\t<div class=\"wppsac-post-image-bg\">\r\n\t\t<a href=\"https:\/\/restposten-neubeckum.de\/?p=442\">\r\n\t\t\t<img decoding=\"async\" class=\"wppsac-post-image\"  src=\"https:\/\/restposten-neubeckum.de\/wp-content\/uploads\/2025\/02\/20250203_111737-300x225.jpg\" alt=\"Vermont Rattan Ecklounge Forest 5Tlg., NEU B-WARE\" \/>\r\n\t\t<\/a>\r\n\t<\/div>\r\n\t\r\n\t<div class=\"wppsac-post-content-position\">\r\n\t\t\t\t<div class=\"wppsac-post-categories\"><ul class=\"wppsac-post-categories-list\"><li><a href=\"https:\/\/restposten-neubeckum.de\/?cat=10\">Garten M\u00f6bel<\/a><\/li><\/ul><\/div>\r\n\t\t\r\n\t\t<h2 class=\"wppsac-post-title\">\r\n\t\t\t<a href=\"https:\/\/restposten-neubeckum.de\/?p=442\">Vermont Rattan Ecklounge Forest 5Tlg., NEU B-WARE<\/a>\r\n\t\t<\/h2>\r\n\r\n\t\t\t\t<div class=\"wppsac-post-date\">\r\n\t\t\tFebruar 28, 2025\t\t<\/div>\r\n\t\t\t\t<div class=\"wppsac-post-content\">\r\n\t\t\t<div class=\"wppsac-sub-content\">1.149,- Zum Verkauf steht hier die Vermont Rattan Ecklounge Forest....<\/div>\r\n\r\n\t\t\t\t\t<\/div>\r\n\t\t\t<\/div>\r\n<\/div><div class=\"wppsac-carousel-slides\">\r\n\t\t<div class=\"wppsac-post-image-bg\">\r\n\t\t<a href=\"https:\/\/restposten-neubeckum.de\/?p=436\">\r\n\t\t\t<img decoding=\"async\" class=\"wppsac-post-image\"  src=\"https:\/\/restposten-neubeckum.de\/wp-content\/uploads\/2025\/02\/20250203_112313-300x225.jpg\" alt=\"Vermont Rattan Ecklounge Shadow 5Tlg., NEU B-WARE\" \/>\r\n\t\t<\/a>\r\n\t<\/div>\r\n\t\r\n\t<div class=\"wppsac-post-content-position\">\r\n\t\t\t\t<div class=\"wppsac-post-categories\"><ul class=\"wppsac-post-categories-list\"><li><a href=\"https:\/\/restposten-neubeckum.de\/?cat=10\">Garten M\u00f6bel<\/a><\/li><\/ul><\/div>\r\n\t\t\r\n\t\t<h2 class=\"wppsac-post-title\">\r\n\t\t\t<a href=\"https:\/\/restposten-neubeckum.de\/?p=436\">Vermont Rattan Ecklounge Shadow 5Tlg., NEU B-WARE<\/a>\r\n\t\t<\/h2>\r\n\r\n\t\t\t\t<div class=\"wppsac-post-date\">\r\n\t\t\tFebruar 28, 2025\t\t<\/div>\r\n\t\t\t\t<div class=\"wppsac-post-content\">\r\n\t\t\t<div class=\"wppsac-sub-content\">1.149,- Zum Verkauf steht hier die Vermont Rattan Ecklounge Shadow....<\/div>\r\n\r\n\t\t\t\t\t<\/div>\r\n\t\t\t<\/div>\r\n<\/div><div class=\"wppsac-carousel-slides\">\r\n\t\t<div class=\"wppsac-post-image-bg\">\r\n\t\t<a href=\"https:\/\/restposten-neubeckum.de\/?p=415\">\r\n\t\t\t<img decoding=\"async\" class=\"wppsac-post-image\"  src=\"https:\/\/restposten-neubeckum.de\/wp-content\/uploads\/2025\/02\/20220907_145055-225x300.jpg\" alt=\"Brillux Malerwei\u00df Extra 954, 15L Eimer Farbe\" \/>\r\n\t\t<\/a>\r\n\t<\/div>\r\n\t\r\n\t<div class=\"wppsac-post-content-position\">\r\n\t\t\t\t<div class=\"wppsac-post-categories\"><ul class=\"wppsac-post-categories-list\"><li><a href=\"https:\/\/restposten-neubeckum.de\/?cat=16\">Diverses<\/a><\/li><\/ul><\/div>\r\n\t\t\r\n\t\t<h2 class=\"wppsac-post-title\">\r\n\t\t\t<a href=\"https:\/\/restposten-neubeckum.de\/?p=415\">Brillux Malerwei\u00df Extra 954, 15L Eimer Farbe<\/a>\r\n\t\t<\/h2>\r\n\r\n\t\t\t\t<div class=\"wppsac-post-date\">\r\n\t\t\tFebruar 28, 2025\t\t<\/div>\r\n\t\t\t\t<div class=\"wppsac-post-content\">\r\n\t\t\t<div class=\"wppsac-sub-content\">69\u20ac pro Eimer Brillux-Farbe Malerwei\u00df Extra 954 Biete original Brillux-Farbe...<\/div>\r\n\r\n\t\t\t\t\t<\/div>\r\n\t\t\t<\/div>\r\n<\/div>\t\t\t<\/div>\r\n\t\t<\/div>\r\n\t\n<p>&nbsp;<\/p>\n<p><span class=\"wpos-copy-clipboard wprpsm-shortcode-preview\">\u00a0<\/span><\/p>\n<p>&nbsp;<\/p>\n<p>&nbsp;<\/p>\n","protected":false},"excerpt":{"rendered":"<p>Willkommen beim Restpostenhandel Neubeckum, Ihrem Experten f\u00fcr Restposten aller Art Entdecken Sie unsere vielf\u00e4ltige Auswahl [&hellip;]<\/p>\n","protected":false},"author":2,"featured_media":12,"parent":0,"menu_order":0,"comment_status":"closed","ping_status":"closed","template":"","meta":{"footnotes":""},"class_list":["post-214","page","type-page","status-publish","has-post-thumbnail","hentry"],"_links":{"self":[{"href":"https:\/\/restposten-neubeckum.de\/index.php?rest_route=\/wp\/v2\/pages\/214","targetHints":{"allow":["GET"]}}],"collection":[{"href":"https:\/\/restposten-neubeckum.de\/index.php?rest_route=\/wp\/v2\/pages"}],"about":[{"href":"https:\/\/restposten-neubeckum.de\/index.php?rest_route=\/wp\/v2\/types\/page"}],"author":[{"embeddable":true,"href":"https:\/\/restposten-neubeckum.de\/index.php?rest_route=\/wp\/v2\/users\/2"}],"replies":[{"embeddable":true,"href":"https:\/\/restposten-neubeckum.de\/index.php?rest_route=%2Fwp%2Fv2%2Fcomments&post=214"}],"version-history":[{"count":13,"href":"https:\/\/restposten-neubeckum.de\/index.php?rest_route=\/wp\/v2\/pages\/214\/revisions"}],"predecessor-version":[{"id":518,"href":"https:\/\/restposten-neubeckum.de\/index.php?rest_route=\/wp\/v2\/pages\/214\/revisions\/518"}],"wp:featuredmedia":[{"embeddable":true,"href":"https:\/\/restposten-neubeckum.de\/index.php?rest_route=\/wp\/v2\/media\/12"}],"wp:attachment":[{"href":"https:\/\/restposten-neubeckum.de\/index.php?rest_route=%2Fwp%2Fv2%2Fmedia&parent=214"}],"curies":[{"name":"wp","href":"https:\/\/api.w.org\/{rel}","templated":true}]}}