{"id":35,"date":"2024-07-02T09:43:00","date_gmt":"2024-07-02T09:43:00","guid":{"rendered":"https:\/\/restposten-neubeckum.de\/?page_id=35"},"modified":"2024-07-02T09:43:00","modified_gmt":"2024-07-02T09:43:00","slug":"allgemeine-geschaeftsbedingungen","status":"publish","type":"page","link":"https:\/\/restposten-neubeckum.de\/?page_id=35","title":{"rendered":"Allgemeine Gesch\u00e4ftsbedingungen"},"content":{"rendered":"\r\n<h3 class=\"wp-block-heading\">Allgemeine Gesch\u00e4ftsbedingungen (AGB) f\u00fcr den Restpostenhandel Neubeckum<\/h3>\r\n<h4>\u00a71 Geltungsbereich<\/h4>\r\n<ol>\r\n<li>Diese Allgemeinen Gesch\u00e4ftsbedingungen (AGB) gelten f\u00fcr alle Nutzer der Internetseite des Restpostenhandels Neubeckum.<\/li>\r\n<li>Die Internetseite dient ausschlie\u00dflich der Pr\u00e4sentation von Waren und Dienstleistungen des Restpostenhandels Neubeckum. Ein Verkauf oder Vertragsabschluss \u00fcber die Internetseite ist nicht m\u00f6glich.<\/li>\r\n<\/ol>\r\n<h4>\u00a72 Nutzung der Internetseite<\/h4>\r\n<ol>\r\n<li>Die Nutzung der Internetseite ist kostenfrei.<\/li>\r\n<li>Die Internetseite darf ausschlie\u00dflich zu Informationszwecken genutzt werden. Eine kommerzielle Nutzung der bereitgestellten Inhalte ist ohne vorherige schriftliche Zustimmung des Restpostenhandels Neubeckum untersagt.<\/li>\r\n<\/ol>\r\n<h4>\u00a73 Inhalte der Internetseite<\/h4>\r\n<ol>\r\n<li>Der Restpostenhandel Neubeckum bem\u00fcht sich, die Inhalte der Internetseite stets aktuell und korrekt zu halten. Eine Gew\u00e4hrleistung f\u00fcr die Richtigkeit, Vollst\u00e4ndigkeit und Aktualit\u00e4t der Inhalte wird jedoch nicht \u00fcbernommen.<\/li>\r\n<li>Alle Inhalte der Internetseite sind urheberrechtlich gesch\u00fctzt. Die Vervielf\u00e4ltigung, Verbreitung oder anderweitige Nutzung der Inhalte bedarf der vorherigen schriftlichen Zustimmung des Restpostenhandels Neubeckum.<\/li>\r\n<\/ol>\r\n<h4>\u00a74 Haftung<\/h4>\r\n<ol>\r\n<li>Der Restpostenhandel Neubeckum haftet nicht f\u00fcr Sch\u00e4den, die durch die Nutzung oder Nichtnutzung der dargebotenen Informationen entstehen, sofern seitens des Restpostenhandels Neubeckum kein nachweislich vors\u00e4tzliches oder grob fahrl\u00e4ssiges Verschulden vorliegt.<\/li>\r\n<li>Der Restpostenhandel Neubeckum \u00fcbernimmt keine Haftung f\u00fcr die Inhalte externer Links. F\u00fcr den Inhalt der verlinkten Seiten sind ausschlie\u00dflich deren Betreiber verantwortlich.<\/li>\r\n<\/ol>\r\n<h4>\u00a75 Datenschutz<\/h4>\r\n<ol>\r\n<li>Der Schutz Ihrer pers\u00f6nlichen Daten ist uns ein wichtiges Anliegen. Personenbezogene Daten werden auf dieser Internetseite nur im technisch notwendigen Umfang erhoben. In keinem Fall werden die erhobenen Daten verkauft oder aus anderen Gr\u00fcnden an Dritte weitergegeben.<\/li>\r\n<li>Weitere Informationen zum Datenschutz finden Sie in unserer <a href=\"#\" rel=\"noreferrer\">Datenschutzerkl\u00e4rung<\/a>.<\/li>\r\n<\/ol>\r\n<h4>\u00a76 \u00c4nderung der AGB<\/h4>\r\n<ol>\r\n<li>Der Restpostenhandel Neubeckum beh\u00e4lt sich das Recht vor, diese AGB jederzeit zu \u00e4ndern. Es gelten die jeweils zum Zeitpunkt der Nutzung aktuellen AGB, die auf der Internetseite verf\u00fcgbar sind.<\/li>\r\n<\/ol>\r\n<h4>\u00a77 Anwendbares Recht<\/h4>\r\n<ol>\r\n<li>Es gilt das Recht der Bundesrepublik Deutschland.<\/li>\r\n<li>Gerichtsstand f\u00fcr alle Streitigkeiten aus der Nutzung dieser Internetseite ist der Sitz des Restpostenhandels Neubeckum.<\/li>\r\n<\/ol>\r\n<h4>\u00a78 Salvatorische Klausel<\/h4>\r\n<ol>\r\n<li>Sollten einzelne Bestimmungen dieser AGB unwirksam sein oder werden, bleibt die Wirksamkeit der \u00fcbrigen Bestimmungen unber\u00fchrt.<\/li>\r\n<li>Anstelle der unwirksamen Bestimmung tritt eine Regelung, die dem Zweck der unwirksamen Bestimmung in rechtswirksamer Weise wirtschaftlich am n\u00e4chsten kommt.<\/li>\r\n<\/ol>\r\n<p>Diese Allgemeinen Gesch\u00e4ftsbedingungen sind g\u00fcltig ab dem [2013].<\/p>\r\n\r\n<p>&nbsp;<\/p>","protected":false},"excerpt":{"rendered":"<p>Allgemeine Gesch\u00e4ftsbedingungen (AGB) f\u00fcr den Restpostenhandel Neubeckum \u00a71 Geltungsbereich Diese Allgemeinen Gesch\u00e4ftsbedingungen (AGB) gelten f\u00fcr [&hellip;]<\/p>\n","protected":false},"author":2,"featured_media":0,"parent":0,"menu_order":0,"comment_status":"closed","ping_status":"closed","template":"","meta":{"footnotes":""},"class_list":["post-35","page","type-page","status-publish","hentry"],"_links":{"self":[{"href":"https:\/\/restposten-neubeckum.de\/index.php?rest_route=\/wp\/v2\/pages\/35","targetHints":{"allow":["GET"]}}],"collection":[{"href":"https:\/\/restposten-neubeckum.de\/index.php?rest_route=\/wp\/v2\/pages"}],"about":[{"href":"https:\/\/restposten-neubeckum.de\/index.php?rest_route=\/wp\/v2\/types\/page"}],"author":[{"embeddable":true,"href":"https:\/\/restposten-neubeckum.de\/index.php?rest_route=\/wp\/v2\/users\/2"}],"replies":[{"embeddable":true,"href":"https:\/\/restposten-neubeckum.de\/index.php?rest_route=%2Fwp%2Fv2%2Fcomments&post=35"}],"version-history":[{"count":1,"href":"https:\/\/restposten-neubeckum.de\/index.php?rest_route=\/wp\/v2\/pages\/35\/revisions"}],"predecessor-version":[{"id":36,"href":"https:\/\/restposten-neubeckum.de\/index.php?rest_route=\/wp\/v2\/pages\/35\/revisions\/36"}],"wp:attachment":[{"href":"https:\/\/restposten-neubeckum.de\/index.php?rest_route=%2Fwp%2Fv2%2Fmedia&parent=35"}],"curies":[{"name":"wp","href":"https:\/\/api.w.org\/{rel}","templated":true}]}}