{"id":64,"date":"2024-07-02T13:39:50","date_gmt":"2024-07-02T13:39:50","guid":{"rendered":"https:\/\/restposten-neubeckum.de\/?page_id=64"},"modified":"2024-07-02T13:39:50","modified_gmt":"2024-07-02T13:39:50","slug":"unser-betrieb","status":"publish","type":"page","link":"https:\/\/restposten-neubeckum.de\/?page_id=64","title":{"rendered":"Unser Betrieb"},"content":{"rendered":"<h3>Unternehmensbeschreibung<\/h3>\n<p>Seit f\u00fcnfzehn Jahren handeln wir als Familienunternehmen erfolgreich mit Restposten aus den Bereichen M\u00f6bel, Baumarktwaren, Malerartikel, Gartenwerkzeuge und Elektronik. Seit unserer Gr\u00fcndung haben wir uns durch unser Engagement und unsere Leidenschaft als vertrauensw\u00fcrdiger Partner etabliert.<\/p>\n<h3>Unsere Werte<\/h3>\n<p>Nachhaltigkeit und Qualit\u00e4t sind uns wichtig. Durch den Handel mit Restposten schonen wir Ressourcen und vermeiden M\u00fcll. Fairness und Vertrauen pr\u00e4gen unsere Unternehmenskultur und sichern die Zufriedenheit unserer Kunden und Mitarbeiter.<\/p>\n<h3>Zukunftsaussichten<\/h3>\n<p>Wir sind weiterhin auf Wachstumskurs und bleiben unseren Werten treu. Mit einem engagierten Team sind wir bestens aufgestellt, um unseren Kunden auch in Zukunft den besten Service zu bieten.<\/p>\n","protected":false},"excerpt":{"rendered":"<p>Unternehmensbeschreibung Seit f\u00fcnfzehn Jahren handeln wir als Familienunternehmen erfolgreich mit Restposten aus den Bereichen M\u00f6bel, [&hellip;]<\/p>\n","protected":false},"author":2,"featured_media":0,"parent":0,"menu_order":0,"comment_status":"closed","ping_status":"closed","template":"","meta":{"footnotes":""},"class_list":["post-64","page","type-page","status-publish","hentry"],"_links":{"self":[{"href":"https:\/\/restposten-neubeckum.de\/index.php?rest_route=\/wp\/v2\/pages\/64","targetHints":{"allow":["GET"]}}],"collection":[{"href":"https:\/\/restposten-neubeckum.de\/index.php?rest_route=\/wp\/v2\/pages"}],"about":[{"href":"https:\/\/restposten-neubeckum.de\/index.php?rest_route=\/wp\/v2\/types\/page"}],"author":[{"embeddable":true,"href":"https:\/\/restposten-neubeckum.de\/index.php?rest_route=\/wp\/v2\/users\/2"}],"replies":[{"embeddable":true,"href":"https:\/\/restposten-neubeckum.de\/index.php?rest_route=%2Fwp%2Fv2%2Fcomments&post=64"}],"version-history":[{"count":1,"href":"https:\/\/restposten-neubeckum.de\/index.php?rest_route=\/wp\/v2\/pages\/64\/revisions"}],"predecessor-version":[{"id":66,"href":"https:\/\/restposten-neubeckum.de\/index.php?rest_route=\/wp\/v2\/pages\/64\/revisions\/66"}],"wp:attachment":[{"href":"https:\/\/restposten-neubeckum.de\/index.php?rest_route=%2Fwp%2Fv2%2Fmedia&parent=64"}],"curies":[{"name":"wp","href":"https:\/\/api.w.org\/{rel}","templated":true}]}}